{"id":71,"date":"2023-09-29T13:42:31","date_gmt":"2023-09-29T11:42:31","guid":{"rendered":"https:\/\/hana-bee.fr\/?page_id=71"},"modified":"2024-06-23T00:39:22","modified_gmt":"2024-06-22T22:39:22","slug":"accueil-2","status":"publish","type":"page","link":"https:\/\/hana-bee.fr\/","title":{"rendered":""},"content":{"rendered":"\n<div class=\"wp-block-group\"><div class=\"wp-block-group__inner-container is-layout-constrained wp-block-group-is-layout-constrained\">\n<div class=\"wp-block-media-text is-stacked-on-mobile is-vertically-aligned-center is-image-fill has-text-color\" style=\"color:#333562;font-style:normal;font-weight:600;grid-template-columns:40% auto\"><figure class=\"wp-block-media-text__media\" style=\"background-image:url(https:\/\/hana-bee.fr\/wp-content\/uploads\/2023\/09\/Capture1.png);background-position:55% 20%\"><img loading=\"lazy\" decoding=\"async\" width=\"833\" height=\"837\" src=\"https:\/\/hana-bee.fr\/wp-content\/uploads\/2023\/09\/Capture1.png\" alt=\"\" class=\"wp-image-29 size-full\" srcset=\"https:\/\/hana-bee.fr\/wp-content\/uploads\/2023\/09\/Capture1.png 833w, https:\/\/hana-bee.fr\/wp-content\/uploads\/2023\/09\/Capture1-300x300.png 300w, https:\/\/hana-bee.fr\/wp-content\/uploads\/2023\/09\/Capture1-150x150.png 150w, https:\/\/hana-bee.fr\/wp-content\/uploads\/2023\/09\/Capture1-768x772.png 768w, https:\/\/hana-bee.fr\/wp-content\/uploads\/2023\/09\/Capture1-100x100.png 100w\" sizes=\"auto, (max-width: 833px) 100vw, 833px\" \/><\/figure><div class=\"wp-block-media-text__content\">\n<h3 class=\"wp-block-heading has-text-align-center has-text-color has-medium-font-size\" style=\"color:#e87a00;font-style:normal;font-weight:700\"><em>Hana en quelques lignes<\/em><\/h3>\n\n\n\n<p><em>Autrice de romance \u00e0 suspense<br>Passionn\u00e9e par l&rsquo;\u00e9criture, j&rsquo;aime partager dans mes romans des histoires de personnages aux origines et cultures vari\u00e9es, comme dans la vraie vie.<br>Que ce soit au travers de romances contemporaine, auxquelles j&rsquo;aime ajouter du suspense, ou au travers d&rsquo;aventures h\u00e9ro\u00efques de fantasy, je souhaite te faire r\u00eaver et titiller ta curiosit\u00e9.<\/em><\/p>\n<\/div><\/div>\n<\/div><\/div>\n\n\n\n<hr class=\"wp-block-separator has-alpha-channel-opacity is-style-wide\" style=\"margin-top:var(--wp--preset--spacing--superbspacing-small);margin-bottom:var(--wp--preset--spacing--superbspacing-small)\"\/>\n\n\n\n<div class=\"wp-block-group\" style=\"font-style:normal;font-weight:600\"><div class=\"wp-block-group__inner-container is-layout-constrained wp-block-group-is-layout-constrained\">\n<h3 class=\"wp-block-heading has-text-align-center\"><em>Actualit\u00e9s<\/em><\/h3>\n\n\n\n<div class=\"wp-block-media-text has-media-on-the-right is-stacked-on-mobile is-vertically-aligned-top\"><div class=\"wp-block-media-text__content\">\n<p>Raiders, love &amp; hack, partie 1<\/p>\n\n\n\n<p>R\u00e9sum\u00e9 rapide :<br>Deux voisins aux activit\u00e9s oppos\u00e9es, pourtant port\u00e9s par les m\u00eames id\u00e9aux de servir et prot\u00e9ger ceux qui en ont besoin.<br>Deux solitaires, dont le pr\u00e9sent est r\u00e9gent\u00e9 par les blessures du pass\u00e9, mais qui vont se rendre compte que leur futur est li\u00e9.<\/p>\n<\/div><figure class=\"wp-block-media-text__media\"><img loading=\"lazy\" decoding=\"async\" width=\"567\" height=\"901\" src=\"https:\/\/hana-bee.fr\/wp-content\/uploads\/2023\/09\/couv.png\" alt=\"\" class=\"wp-image-113 size-full\" srcset=\"https:\/\/hana-bee.fr\/wp-content\/uploads\/2023\/09\/couv.png 567w, https:\/\/hana-bee.fr\/wp-content\/uploads\/2023\/09\/couv-189x300.png 189w, https:\/\/hana-bee.fr\/wp-content\/uploads\/2023\/09\/couv-300x477.png 300w\" sizes=\"auto, (max-width: 567px) 100vw, 567px\" \/><\/figure><\/div>\n<\/div><\/div>\n","protected":false},"excerpt":{"rendered":"<p>Hana en quelques lignes Autrice de romance \u00e0 suspensePassionn\u00e9e par l&rsquo;\u00e9criture, j&rsquo;aime partager dans mes [&hellip;]<\/p>\n","protected":false},"author":1,"featured_media":0,"parent":0,"menu_order":0,"comment_status":"closed","ping_status":"closed","template":"","meta":{"footnotes":""},"class_list":["post-71","page","type-page","status-publish","hentry"],"_links":{"self":[{"href":"https:\/\/hana-bee.fr\/index.php\/wp-json\/wp\/v2\/pages\/71","targetHints":{"allow":["GET"]}}],"collection":[{"href":"https:\/\/hana-bee.fr\/index.php\/wp-json\/wp\/v2\/pages"}],"about":[{"href":"https:\/\/hana-bee.fr\/index.php\/wp-json\/wp\/v2\/types\/page"}],"author":[{"embeddable":true,"href":"https:\/\/hana-bee.fr\/index.php\/wp-json\/wp\/v2\/users\/1"}],"replies":[{"embeddable":true,"href":"https:\/\/hana-bee.fr\/index.php\/wp-json\/wp\/v2\/comments?post=71"}],"version-history":[{"count":17,"href":"https:\/\/hana-bee.fr\/index.php\/wp-json\/wp\/v2\/pages\/71\/revisions"}],"predecessor-version":[{"id":184,"href":"https:\/\/hana-bee.fr\/index.php\/wp-json\/wp\/v2\/pages\/71\/revisions\/184"}],"wp:attachment":[{"href":"https:\/\/hana-bee.fr\/index.php\/wp-json\/wp\/v2\/media?parent=71"}],"curies":[{"name":"wp","href":"https:\/\/api.w.org\/{rel}","templated":true}]}}