{"id":66,"date":"2023-09-29T13:42:31","date_gmt":"2023-09-29T11:42:31","guid":{"rendered":"https:\/\/hana-bee.fr\/?page_id=66"},"modified":"2024-06-22T23:56:39","modified_gmt":"2024-06-22T21:56:39","slug":"bio","status":"publish","type":"page","link":"https:\/\/hana-bee.fr\/index.php\/bio\/","title":{"rendered":"Bio"},"content":{"rendered":"\n<figure class=\"wp-block-image size-full\"><img decoding=\"async\" src=\"https:\/\/hana-bee.fr\/wp-content\/uploads\/2024\/06\/Flavie3.jpg\" alt=\"\" class=\"wp-image-133\"\/><\/figure>\n\n\n\n<pre class=\"wp-block-preformatted\" style=\"font-style:normal;font-weight:600\"><em>J'ai depuis toute petite, une fascination pour les livres et les multitudes d'univers, de personnages et histoires qu'ils renferment.<\/em><br><em><br>Tr\u00e8s vite initi\u00e9e au plaisir de la lecture par ma m\u00e8re, je me suis fait les dents sur Harry Potter, la crois\u00e9e des mondes, Narnia, et tant d'autres.<\/em><br><em>La fantasy et le fantastique ont \u00e9t\u00e9 les premiers genres que j'ai d\u00e9couvert.<\/em><br><em>La romance n'a pas tard\u00e9 \u00e0 suivre, mais jamais seule.<\/em><br><br><em>L'\u00e9criture m'est venue pendant le lyc\u00e9e, o\u00f9 je griffonnais des morceaux d'histoires, d'univers et de personnages sur des feuilles quadrill\u00e9es que je planquais dans mes cours.<\/em><br><em>Jamais partag\u00e9es, je garde ces notes pr\u00e9cieuse\u00adment dans mon bureau.<\/em><br><em>Gr\u00e2ce \u00e0 la fanfiction, j'ai d\u00e9couvert le plaisir de par\u00adtager mes histoires et d'\u00e9changer avec les lecteurs et les auteurs.<\/em><br><em> <br>La naissance de mes filles et le confinement, me d\u00e9cide \u00e0 passer le cap et \u00e0 me professionnaliser pour tenter de vivre de ma plume.<\/em><br><em>Je suis la formation \"Devenir \u00e9crivain\" de l'institut Licares et depuis tout s'enchaine.<\/em><br><br><em>M\u00e9tisse, j'ai grandi dans un melting pot de cultures, qui me permet de rester ouverte et curieuse du monde.<\/em><br><em>Sous le soleil du sud, je partage mon temps entre mon emploi de technicienne t\u00e9l\u00e9com, ma famille, l'\u00e9criture et les ap\u00e9ros-barbecues sur ma terrasse.<br><\/em><br><em>J'aime \u00e9crire sur des sujets comme le racisme, l'ac\u00adceptation de soi, l'\u00e9galit\u00e9. Le respect, la tol\u00e9rance, l'amour sont des valeurs impor\u00adtantes \u00e0 mes yeux et j'aime \u00e0 les m\u00e9langer dans des intrigues \u00e0 suspence et quelques sc\u00e8nes spicy.<\/em><br><br>Curieuse et bienveillante, je vous invite dans mon univers litt\u00e9raire !<\/pre>\n\n\n\n<p><\/p>\n","protected":false},"excerpt":{"rendered":"<p>J&rsquo;ai depuis toute petite, une fascination pour les livres et les multitudes d&rsquo;univers, de personnages [&hellip;]<\/p>\n","protected":false},"author":1,"featured_media":0,"parent":0,"menu_order":0,"comment_status":"closed","ping_status":"closed","template":"","meta":{"footnotes":""},"class_list":["post-66","page","type-page","status-publish","hentry"],"_links":{"self":[{"href":"https:\/\/hana-bee.fr\/index.php\/wp-json\/wp\/v2\/pages\/66","targetHints":{"allow":["GET"]}}],"collection":[{"href":"https:\/\/hana-bee.fr\/index.php\/wp-json\/wp\/v2\/pages"}],"about":[{"href":"https:\/\/hana-bee.fr\/index.php\/wp-json\/wp\/v2\/types\/page"}],"author":[{"embeddable":true,"href":"https:\/\/hana-bee.fr\/index.php\/wp-json\/wp\/v2\/users\/1"}],"replies":[{"embeddable":true,"href":"https:\/\/hana-bee.fr\/index.php\/wp-json\/wp\/v2\/comments?post=66"}],"version-history":[{"count":7,"href":"https:\/\/hana-bee.fr\/index.php\/wp-json\/wp\/v2\/pages\/66\/revisions"}],"predecessor-version":[{"id":150,"href":"https:\/\/hana-bee.fr\/index.php\/wp-json\/wp\/v2\/pages\/66\/revisions\/150"}],"wp:attachment":[{"href":"https:\/\/hana-bee.fr\/index.php\/wp-json\/wp\/v2\/media?parent=66"}],"curies":[{"name":"wp","href":"https:\/\/api.w.org\/{rel}","templated":true}]}}